{"id":3565,"date":"2017-03-31T11:10:57","date_gmt":"2017-03-31T09:10:57","guid":{"rendered":"https:\/\/musiquefabien.fr\/wordpress\/?page_id=3565"},"modified":"2021-11-08T11:14:50","modified_gmt":"2021-11-08T10:14:50","slug":"biographie","status":"publish","type":"page","link":"https:\/\/musiquefabien.fr\/wordpress\/objets-partitions\/biographie\/","title":{"rendered":"Biographie"},"content":{"rendered":"<p>[et_pb_section fb_built=\u00a0\u00bb1&Prime; admin_label=\u00a0\u00bbsection\u00a0\u00bb _builder_version=\u00a0\u00bb3.22&Prime;][et_pb_row admin_label=\u00a0\u00bbLigne\u00a0\u00bb _builder_version=\u00a0\u00bb3.25&Prime; background_size=\u00a0\u00bbinitial\u00a0\u00bb background_position=\u00a0\u00bbtop_left\u00a0\u00bb background_repeat=\u00a0\u00bbrepeat\u00a0\u00bb][et_pb_column type=\u00a0\u00bb4_4&Prime; _builder_version=\u00a0\u00bb3.25&Prime; custom_padding=\u00a0\u00bb|||\u00a0\u00bb custom_padding__hover=\u00a0\u00bb|||\u00a0\u00bb][et_pb_text admin_label=\u00a0\u00bbTexte\u00a0\u00bb _builder_version=\u00a0\u00bb3.27.4&Prime; background_size=\u00a0\u00bbinitial\u00a0\u00bb background_position=\u00a0\u00bbtop_left\u00a0\u00bb background_repeat=\u00a0\u00bbrepeat\u00a0\u00bb use_border_color=\u00a0\u00bboff\u00a0\u00bb border_color=\u00a0\u00bb#ffffff\u00a0\u00bb border_style=\u00a0\u00bbsolid\u00a0\u00bb]<\/p>\n<h1 style=\"text-align: center;\">Biographie<\/h1>\n<p>[\/et_pb_text][\/et_pb_column][\/et_pb_row][et_pb_row column_structure=\u00a0\u00bb1_2,1_2&Prime; admin_label=\u00a0\u00bbrow\u00a0\u00bb _builder_version=\u00a0\u00bb3.25&Prime; background_size=\u00a0\u00bbinitial\u00a0\u00bb background_position=\u00a0\u00bbtop_left\u00a0\u00bb background_repeat=\u00a0\u00bbrepeat\u00a0\u00bb][et_pb_column type=\u00a0\u00bb1_2&Prime; _builder_version=\u00a0\u00bb3.25&Prime; custom_padding=\u00a0\u00bb|||\u00a0\u00bb custom_padding__hover=\u00a0\u00bb|||\u00a0\u00bb][et_pb_text admin_label=\u00a0\u00bbTexte2006&Prime; _builder_version=\u00a0\u00bb3.27.4&Prime; background_size=\u00a0\u00bbinitial\u00a0\u00bb background_position=\u00a0\u00bbtop_left\u00a0\u00bb background_repeat=\u00a0\u00bbrepeat\u00a0\u00bb use_border_color=\u00a0\u00bboff\u00a0\u00bb border_color=\u00a0\u00bb#ffffff\u00a0\u00bb border_style=\u00a0\u00bbsolid\u00a0\u00bb]<img loading=\"lazy\" decoding=\"async\" src=\"https:\/\/musiquefabien.fr\/fabien\/medias\/divers\/img033.jpg\" width=\"427\" height=\"600\" \/><\/p>\n<p>2006\u00a0 Jean Cl\u00e9der<br \/>\nChristophe-R\u00e9sonances de l&rsquo;inconnu.<br \/>\n\u00c9ditions Le Bord de l&rsquo;Eau<br \/>\nISBN 2914894139\u00a0 EAN 978-2915651430<br \/>\n[\/et_pb_text][et_pb_text admin_label=\u00a0\u00bbTexte2014&Prime; _builder_version=\u00a0\u00bb3.27.4&Prime; background_size=\u00a0\u00bbinitial\u00a0\u00bb background_position=\u00a0\u00bbtop_left\u00a0\u00bb background_repeat=\u00a0\u00bbrepeat\u00a0\u00bb use_border_color=\u00a0\u00bboff\u00a0\u00bb border_color=\u00a0\u00bb#ffffff\u00a0\u00bb border_style=\u00a0\u00bbsolid\u00a0\u00bb]<img loading=\"lazy\" decoding=\"async\" src=\"https:\/\/musiquefabien.fr\/wordpress\/wp-content\/uploads\/image\/images\/Images\/eudeline-christophe.jpg\" width=\"367\" height=\"600\" \/><\/p>\n<p>2014\u00a0 Christian Eudeline\u00a0 Fayard<br \/>\nChristophe-Portait du dernier dandy.<br \/>\nISBN 2213680639 \u00a0 EAN 978-2213680637<br \/>\nFormat num\u00e9rique : EAN 978-2213682655<br \/>\n[\/et_pb_text][et_pb_text _builder_version=\u00a0\u00bb4.9.7&Prime; _module_preset=\u00a0\u00bbdefault\u00a0\u00bb hover_enabled=\u00a0\u00bb0&Prime; sticky_enabled=\u00a0\u00bb0&Prime;]<\/p>\n<p><img loading=\"lazy\" decoding=\"async\" src=\"https:\/\/musiquefabien.fr\/wordpress\/wp-content\/uploads\/image\/images\/9782324029462ORI.jpg\" width=\"283\" height=\"400\" \/><\/p>\n<p>10\/11\/2021<br \/>248 pages Editions Gr\u00fcnd.<br \/>ISBN 2-324-02946-4<br \/>EAN\u00a0\u00a0 9782324029462<\/p>\n<p>[\/et_pb_text][\/et_pb_column][et_pb_column type=\u00a0\u00bb1_2&Prime; _builder_version=\u00a0\u00bb3.25&Prime; custom_padding=\u00a0\u00bb|||\u00a0\u00bb custom_padding__hover=\u00a0\u00bb|||\u00a0\u00bb][et_pb_text admin_label=\u00a0\u00bbTexte2011&Prime; _builder_version=\u00a0\u00bb3.27.4&Prime; background_size=\u00a0\u00bbinitial\u00a0\u00bb background_position=\u00a0\u00bbtop_left\u00a0\u00bb background_repeat=\u00a0\u00bbrepeat\u00a0\u00bb use_border_color=\u00a0\u00bboff\u00a0\u00bb border_color=\u00a0\u00bb#ffffff\u00a0\u00bb border_style=\u00a0\u00bbsolid\u00a0\u00bb]<img loading=\"lazy\" decoding=\"async\" src=\"https:\/\/musiquefabien.fr\/wordpress\/wp-content\/uploads\/image\/images\/Bio-Christophe.jpg\" width=\"387\" height=\"600\" \/><\/p>\n<p>2011\u00a0 Henry Chartier<br \/>\nChristophe-Le beau bizarre.<br \/>\n\u00c9ditions Grimal<br \/>\nISBN 2362030210\u00a0 EAN 978-2362030215<br \/>\n[\/et_pb_text][et_pb_text admin_label=\u00a0\u00bbTexte2016&Prime; _builder_version=\u00a0\u00bb4.9.7&Prime; _module_preset=\u00a0\u00bbdefault\u00a0\u00bb]<\/p>\n<p><img loading=\"lazy\" decoding=\"async\" src=\"https:\/\/musiquefabien.fr\/wordpress\/wp-content\/uploads\/image\/images\/Christophe%20et%20la%20voix%20des%20roses%202016%20001.jpg\" width=\"283\" height=\"400\" \/><\/p>\n<p>2016<br \/>230 pages, 150 x 210 mm<br \/>Editions CAMION BLANC.<br \/>ISBN \/ Gencode : 978-235779-884-7<\/p>\n<p>[\/et_pb_text][et_pb_text admin_label=\u00a0\u00bbTexte2021&Prime; _builder_version=\u00a0\u00bb4.9.1&Prime; background_size=\u00a0\u00bbinitial\u00a0\u00bb background_position=\u00a0\u00bbtop_left\u00a0\u00bb background_repeat=\u00a0\u00bbrepeat\u00a0\u00bb use_border_color=\u00a0\u00bboff\u00a0\u00bb border_color=\u00a0\u00bb#ffffff\u00a0\u00bb border_style=\u00a0\u00bbsolid\u00a0\u00bb]<\/p>\n<p><img loading=\"lazy\" decoding=\"async\" src=\"https:\/\/musiquefabien.fr\/wordpress\/wp-content\/uploads\/image\/images\/Christophe%20-%20Vivre%20la%20nuit%20%20rever%20le%20jour.jpg\" width=\"410\" height=\"600\" \/><\/p>\n<p>\u200b07 Avril 2021<br \/>272 pages, 140 x 205 mm<br \/>Editions DENO\u00cbL<br \/>ISBN : 9782207161258 \/ Gencode : 9782207161258<\/p>\n<p>[\/et_pb_text][\/et_pb_column][\/et_pb_row][\/et_pb_section]<\/p>\n","protected":false},"excerpt":{"rendered":"<p>Biographie 2006\u00a0 Jean Cl\u00e9der Christophe-R\u00e9sonances de l&rsquo;inconnu. \u00c9ditions Le Bord de l&rsquo;Eau ISBN 2914894139\u00a0 EAN 978-2915651430 2014\u00a0 Christian Eudeline\u00a0 Fayard Christophe-Portait du dernier dandy. ISBN 2213680639 \u00a0 EAN 978-2213680637 Format num\u00e9rique : EAN 978-2213682655 10\/11\/2021248 pages Editions Gr\u00fcnd.ISBN 2-324-02946-4EAN\u00a0\u00a0 9782324029462 2011\u00a0 Henry Chartier Christophe-Le beau bizarre. \u00c9ditions Grimal ISBN 2362030210\u00a0 EAN 978-2362030215 2016230 pages, 150 [&hellip;]<\/p>\n","protected":false},"author":1,"featured_media":0,"parent":25,"menu_order":3,"comment_status":"closed","ping_status":"closed","template":"","meta":{"_et_pb_use_builder":"on","_et_pb_old_content":"","_et_gb_content_width":"","ngg_post_thumbnail":0,"footnotes":""},"_links":{"self":[{"href":"https:\/\/musiquefabien.fr\/wordpress\/wp-json\/wp\/v2\/pages\/3565"}],"collection":[{"href":"https:\/\/musiquefabien.fr\/wordpress\/wp-json\/wp\/v2\/pages"}],"about":[{"href":"https:\/\/musiquefabien.fr\/wordpress\/wp-json\/wp\/v2\/types\/page"}],"author":[{"embeddable":true,"href":"https:\/\/musiquefabien.fr\/wordpress\/wp-json\/wp\/v2\/users\/1"}],"replies":[{"embeddable":true,"href":"https:\/\/musiquefabien.fr\/wordpress\/wp-json\/wp\/v2\/comments?post=3565"}],"version-history":[{"count":2,"href":"https:\/\/musiquefabien.fr\/wordpress\/wp-json\/wp\/v2\/pages\/3565\/revisions"}],"predecessor-version":[{"id":4640,"href":"https:\/\/musiquefabien.fr\/wordpress\/wp-json\/wp\/v2\/pages\/3565\/revisions\/4640"}],"up":[{"embeddable":true,"href":"https:\/\/musiquefabien.fr\/wordpress\/wp-json\/wp\/v2\/pages\/25"}],"wp:attachment":[{"href":"https:\/\/musiquefabien.fr\/wordpress\/wp-json\/wp\/v2\/media?parent=3565"}],"curies":[{"name":"wp","href":"https:\/\/api.w.org\/{rel}","templated":true}]}}