{"id":4004,"date":"2018-11-27T14:21:21","date_gmt":"2018-11-27T13:21:21","guid":{"rendered":"https:\/\/musiquefabien.fr\/wordpress\/?page_id=4004"},"modified":"2019-05-06T08:32:13","modified_gmt":"2019-05-06T06:32:13","slug":"cinema","status":"publish","type":"page","link":"https:\/\/musiquefabien.fr\/wordpress\/galerie\/cinema\/","title":{"rendered":"Cin\u00e9ma"},"content":{"rendered":"<p>[et_pb_section bb_built=\u00a0\u00bb1&Prime; fullwidth=\u00a0\u00bbon\u00a0\u00bb specialty=\u00a0\u00bboff\u00a0\u00bb next_background_color=\u00a0\u00bb#000000&Prime;][et_pb_fullwidth_header _builder_version=\u00a0\u00bb3.12.2&Prime; title=\u00a0\u00bbCin\u00e9ma\u00a0\u00bb background_color=\u00a0\u00bbrgba(0,0,0,0.71)\u00a0\u00bb button_one_text_size__hover_enabled=\u00a0\u00bboff\u00a0\u00bb button_one_text_size__hover=\u00a0\u00bbnull\u00a0\u00bb button_two_text_size__hover_enabled=\u00a0\u00bboff\u00a0\u00bb button_two_text_size__hover=\u00a0\u00bbnull\u00a0\u00bb button_one_text_color__hover_enabled=\u00a0\u00bboff\u00a0\u00bb button_one_text_color__hover=\u00a0\u00bbnull\u00a0\u00bb button_two_text_color__hover_enabled=\u00a0\u00bboff\u00a0\u00bb button_two_text_color__hover=\u00a0\u00bbnull\u00a0\u00bb button_one_border_width__hover_enabled=\u00a0\u00bboff\u00a0\u00bb button_one_border_width__hover=\u00a0\u00bbnull\u00a0\u00bb button_two_border_width__hover_enabled=\u00a0\u00bboff\u00a0\u00bb button_two_border_width__hover=\u00a0\u00bbnull\u00a0\u00bb button_one_border_color__hover_enabled=\u00a0\u00bboff\u00a0\u00bb button_one_border_color__hover=\u00a0\u00bbnull\u00a0\u00bb button_two_border_color__hover_enabled=\u00a0\u00bboff\u00a0\u00bb button_two_border_color__hover=\u00a0\u00bbnull\u00a0\u00bb button_one_border_radius__hover_enabled=\u00a0\u00bboff\u00a0\u00bb button_one_border_radius__hover=\u00a0\u00bbnull\u00a0\u00bb button_two_border_radius__hover_enabled=\u00a0\u00bboff\u00a0\u00bb button_two_border_radius__hover=\u00a0\u00bbnull\u00a0\u00bb button_one_letter_spacing__hover_enabled=\u00a0\u00bboff\u00a0\u00bb button_one_letter_spacing__hover=\u00a0\u00bbnull\u00a0\u00bb button_two_letter_spacing__hover_enabled=\u00a0\u00bboff\u00a0\u00bb button_two_letter_spacing__hover=\u00a0\u00bbnull\u00a0\u00bb button_one_bg_color__hover_enabled=\u00a0\u00bboff\u00a0\u00bb button_one_bg_color__hover=\u00a0\u00bbnull\u00a0\u00bb button_two_bg_color__hover_enabled=\u00a0\u00bboff\u00a0\u00bb button_two_bg_color__hover=\u00a0\u00bbnull\u00a0\u00bb \/][\/et_pb_section][et_pb_section bb_built=\u00a0\u00bb1&Prime; fullwidth=\u00a0\u00bboff\u00a0\u00bb specialty=\u00a0\u00bboff\u00a0\u00bb prev_background_color=\u00a0\u00bb#000000&Prime; next_background_color=\u00a0\u00bb#000000&Prime;][et_pb_row][et_pb_column type=\u00a0\u00bb1_3&Prime;][et_pb_text admin_label=\u00a0\u00bbTexte70&Prime; _builder_version=\u00a0\u00bb3.12.2&Prime;]<\/p>\n<p>\n<img loading=\"lazy\" decoding=\"async\" src=\"https:\/\/musiquefabien.fr\/wordpress\/wp-content\/uploads\/cinema\/1%20%20La%20route%20de%20Salina%201970.jpg\" width=\"400\" height=\"538\" \/><\/p>\n<p>1970<br \/>La route de Salina<br \/>Musique originale Christophe &amp; Clinic<br \/>Film jamais \u00e9dit\u00e9 en VHS ni en DVD<\/p>\n<p>[\/et_pb_text][et_pb_text admin_label=\u00a0\u00bbTexte06&Prime; _builder_version=\u00a0\u00bb3.12.2&Prime; locked=\u00a0\u00bboff\u00a0\u00bb]<\/p>\n<p>\n&nbsp;<\/p>\n<p><img loading=\"lazy\" decoding=\"async\" src=\"https:\/\/musiquefabien.fr\/wordpress\/wp-content\/uploads\/cinema\/4%20%20Quand%20j%20etais%20chanteur%202006.jpg\" width=\"400\" height=\"538\" \/><\/p>\n<p>2006<br \/>Quand j\u2019\u00e9tais chanteur<br \/>Musique\u00a0 *Les paradis perdus* Christophe<br \/>Rectangle Productions\/Europacorp<br \/>DVD Vid\u00e9o 3760062464116<\/p>\n<p>[\/et_pb_text][et_pb_text admin_label=\u00a0\u00bbTexte08&Prime; _builder_version=\u00a0\u00bb3.12.2&Prime;]<\/p>\n<p>\n<img loading=\"lazy\" decoding=\"async\" src=\"https:\/\/musiquefabien.fr\/wordpress\/wp-content\/uploads\/cinema\/6%20%20Tirez%20sur%20le%20caviste%202008.jpg\" width=\"400\" height=\"538\" \/><\/p>\n<p>2008<br \/>Tirez sur le caviste<br \/>Musique originale Christophe &amp; Christophe VAN HUFFEL<br \/>France Television Distribution<br \/>DVD Vid\u00e9o 3333297676915<\/p>\n<p>[\/et_pb_text][et_pb_text admin_label=\u00a0\u00bbTexte13&Prime; _builder_version=\u00a0\u00bb3.12.2&Prime;]<\/p>\n<p>\n<img loading=\"lazy\" decoding=\"async\" src=\"https:\/\/musiquefabien.fr\/wordpress\/wp-content\/uploads\/cinema\/8%20%20Le%20quepa%20sur%20la%20vilni%202013.jpg\" width=\"400\" height=\"538\" \/><\/p>\n<p>2013<br \/>Le quepa sur la vilni<br \/>Christophe dans le r\u00f4le du maire<br \/>ARP S\u00e9lection\/SHELLAC SUD<br \/>DVD Vid\u00e9o 3760189660682<\/p>\n<p>[\/et_pb_text][et_pb_text admin_label=\u00a0\u00bbTexte14&Prime; _builder_version=\u00a0\u00bb3.12.2&Prime;]<\/p>\n<p>\n<img loading=\"lazy\" decoding=\"async\" src=\"https:\/\/musiquefabien.fr\/wordpress\/wp-content\/uploads\/cinema\/10%20Jukebox%202014.jpg\" width=\"400\" height=\"533\" \/><\/p>\n<p>2014<br \/>JUKEBOX<br \/>Avec la participation de Christophe<br \/>ECCE Films<br \/>Court m\u00e9trage<\/p>\n<p>[\/et_pb_text][et_pb_text admin_label=\u00a0\u00bbTexte19&Prime; _builder_version=\u00a0\u00bb3.21.3&Prime; z_index_tablet=\u00a0\u00bb500&Prime;]<\/p>\n<p><img loading=\"lazy\" decoding=\"async\" src=\"https:\/\/musiquefabien.fr\/wordpress\/wp-content\/uploads\/cinema\/Jeanne.jpg\" width=\"318\" height=\"426\" \/><br \/>2019<br \/>Jeanne<br \/>Br\u00e8ve apparition et musique originale de Christophe<br \/>Les films du Losange 3B Productions<br \/>Sortie 11\/09\/2019<\/p>\n<p>[\/et_pb_text][\/et_pb_column][et_pb_column type=\u00a0\u00bb1_3&Prime;][et_pb_text admin_label=\u00a0\u00bbTexte04&Prime; _builder_version=\u00a0\u00bb3.12.2&Prime;]<\/p>\n<p>\n<img loading=\"lazy\" decoding=\"async\" src=\"https:\/\/musiquefabien.fr\/wordpress\/wp-content\/uploads\/cinema\/2%20%20Kill%20Bill%202%202004.jpg\" width=\"400\" height=\"538\" \/><\/p>\n<p>2004<br \/>Kill Bill vol 2<br \/>Entre autres musique originale Christophe<br \/>*Sunny Road to Salina*<br \/>MIRAMAX Films Corp<br \/>DVD Vid\u00e9o 5414474300569<\/p>\n<p>[\/et_pb_text][et_pb_text admin_label=\u00a0\u00bbTexte6&Prime; _builder_version=\u00a0\u00bb3.17.6&Prime;]<\/p>\n<p><img loading=\"lazy\" decoding=\"async\" src=\"https:\/\/musiquefabien.fr\/wordpress\/wp-content\/uploads\/cinema\/4%20AVRIL2006%20.jpg\" width=\"400\" height=\"538\" \/><br \/>2006<br \/>Avril<br \/>Musique *Aline* &amp; *Good bye je reviendrai* Christophe<br \/>Dharamsala<br \/>DVD Vid\u00e9o 3700173228177<\/p>\n<p>[\/et_pb_text][et_pb_text admin_label=\u00a0\u00bbTexte12&Prime; _builder_version=\u00a0\u00bb3.12.2&Prime;]<\/p>\n<p>\n<img loading=\"lazy\" decoding=\"async\" src=\"https:\/\/musiquefabien.fr\/wordpress\/wp-content\/uploads\/cinema\/7%20%20Les%20mouvements%20du%20bassin%202012.jpg\" width=\"400\" height=\"538\" \/><\/p>\n<p>2012<br \/>Les mouvements du bassin<br \/>Musique originale Christophe<br \/>CAPRICCI\/HPG Production<br \/>DVD Vid\u00e9o 3545020027660<\/p>\n<p>[\/et_pb_text][et_pb_text admin_label=\u00a0\u00bbTexte14&Prime; _builder_version=\u00a0\u00bb3.17.6&Prime;]<\/p>\n<p>&nbsp;<\/p>\n<p><img loading=\"lazy\" decoding=\"async\" src=\"https:\/\/musiquefabien.fr\/wordpress\/wp-content\/uploads\/cinema\/11%20%20Arrete%20ou%20je%20continue%202014.jpg\" width=\"400\" height=\"538\" \/><\/p>\n<p>2014<br \/>Arr\u00eate ou je continue<br \/>Musique originale Christophe<br \/>Les films du Losange<br \/>DVD Vid\u00e9o 3700782600661<\/p>\n<p>[\/et_pb_text][et_pb_text admin_label=\u00a0\u00bbTexte15&Prime; _builder_version=\u00a0\u00bb3.17.6&Prime;]<\/p>\n<p>&nbsp;<\/p>\n<p><img loading=\"lazy\" decoding=\"async\" src=\"https:\/\/musiquefabien.fr\/wordpress\/wp-content\/uploads\/cinema\/13%20%20Par%20accident%202016%20.jpg\" width=\"400\" height=\"400\" \/><\/p>\n<p>2015<br \/>Par accident<br \/>Edition sp\u00e9ciale r\u00e9serv\u00e9e aux membres de l\u2019Acad\u00e9mie des C\u00e9sars 2016<br \/>Musique originale Christophe<br \/>MONAL GROUP\/MPO<br \/>DVD Vid\u00e9o Hors commerce Interdit \u00e0 la vente &#8211; Tr\u00e8s rare!<\/p>\n<p>[\/et_pb_text][et_pb_text _builder_version=\u00a0\u00bb3.12.2&Prime; \/][\/et_pb_column][et_pb_column type=\u00a0\u00bb1_3&Prime;][et_pb_text admin_label=\u00a0\u00bbTexte05&Prime; _builder_version=\u00a0\u00bb3.12.2&Prime;]<\/p>\n<p>\n<img loading=\"lazy\" decoding=\"async\" src=\"https:\/\/musiquefabien.fr\/wordpress\/wp-content\/uploads\/cinema\/3%20%20Les%20mots%20bleus%202005.jpg\" width=\"400\" height=\"538\" \/><\/p>\n<p>2005<br \/>Les mots bleus<br \/>Musique originale Christophe<br \/>ARP S\u00e9lection\/TF1<br \/>DVD Vid\u00e9o 3384442065979<\/p>\n<p>[\/et_pb_text][et_pb_text admin_label=\u00a0\u00bbTexte08&Prime; _builder_version=\u00a0\u00bb3.12.2&Prime;]<\/p>\n<p>\n<img loading=\"lazy\" decoding=\"async\" src=\"https:\/\/musiquefabien.fr\/wordpress\/wp-content\/uploads\/cinema\/5%20Les%20betises%202008.jpg\" width=\"400\" height=\"538\" \/><br \/>2008<div class=\"compact_audio_player_wrapper\"><div class=\"sc_player_container1\"><input type=\"button\" id=\"btnplay_69e5d3fdb09d94.76274791\" class=\"myButton_play\" onClick=\"play_mp3('play','69e5d3fdb09d94.76274791','https:\/\/musiquefabien.fr\/wordpress\/wp-content\/uploads\/cinema\/5_1%20Christophe%20Basta%20cazzate%20Extrait%20de%20la%20BO%20Les%20Betises.mp3','80','false');show_hide('play','69e5d3fdb09d94.76274791');\" \/><input type=\"button\"  id=\"btnstop_69e5d3fdb09d94.76274791\" style=\"display:none\" class=\"myButton_stop\" onClick=\"play_mp3('stop','69e5d3fdb09d94.76274791','','80','false');show_hide('stop','69e5d3fdb09d94.76274791');\" \/><div id=\"sm2-container\"><!-- flash movie ends up here --><\/div><\/div><\/div><br \/>Les b\u00eatises<br \/>Titre *Basta cazzate* Christophe<br \/>France TV\/Rezo films\/rue Velvet Records<br \/>DVD Vid\u00e9o 3333297676915<\/p>\n<p>[\/et_pb_text][et_pb_text admin_label=\u00a0\u00bbTexte13&Prime; _builder_version=\u00a0\u00bb3.12.2&Prime;]<\/p>\n<p>\n<img loading=\"lazy\" decoding=\"async\" src=\"https:\/\/musiquefabien.fr\/wordpress\/wp-content\/uploads\/cinema\/9%20Dejeuner%20chez%20Gertrude%20Stein%202013.jpg\" width=\"400\" height=\"533\" \/><\/p>\n<p>2013<br \/>D\u00e9jeuner chez Gertrude STEIN<br \/>Avec la participation de Christophe<br \/>ECCE Films<br \/>Court m\u00e9trage<\/p>\n<p>[\/et_pb_text][et_pb_text admin_label=\u00a0\u00bbTexte14&Prime; _builder_version=\u00a0\u00bb3.12.2&Prime;]<\/p>\n<p>\n<img loading=\"lazy\" decoding=\"async\" src=\"https:\/\/musiquefabien.fr\/wordpress\/wp-content\/uploads\/cinema\/12%20Fils%20de%202014.jpg\" width=\"400\" height=\"538\" \/><\/p>\n<p>2014<br \/>Fils de<br \/>Br\u00e8ve apparition &amp; musique originale Christophe<br \/>CAPRICCI\/HPG Production<br \/>DVD Vid\u00e9o 3545020038789<\/p>\n<p>[\/et_pb_text][et_pb_text admin_label=\u00a0\u00bbTexte17&Prime; _builder_version=\u00a0\u00bb3.12.2&Prime;]<\/p>\n<p>\n<img loading=\"lazy\" decoding=\"async\" src=\"https:\/\/musiquefabien.fr\/wordpress\/wp-content\/uploads\/cinema\/14%20%20M%202017.jpg\" width=\"400\" height=\"538\" \/><\/p>\n<p>2017<br \/>M<br \/>Musique originale Christophe<br \/>Ad Vitam<br \/>DVD Vid\u00e9o 3760247202694<\/p>\n<p>[\/et_pb_text][et_pb_text _builder_version=\u00a0\u00bb3.12.2&Prime; \/][\/et_pb_column][\/et_pb_row][\/et_pb_section][et_pb_section bb_built=\u00a0\u00bb1&Prime; fullwidth=\u00a0\u00bbon\u00a0\u00bb specialty=\u00a0\u00bboff\u00a0\u00bb prev_background_color=\u00a0\u00bb#000000&Prime;][et_pb_fullwidth_header _builder_version=\u00a0\u00bb3.12.2&Prime; title=\u00a0\u00bbCin\u00e9ma\u00a0\u00bb background_color=\u00a0\u00bbrgba(0,0,0,0.71)\u00a0\u00bb button_one_text_size__hover_enabled=\u00a0\u00bboff\u00a0\u00bb button_one_text_size__hover=\u00a0\u00bbnull\u00a0\u00bb button_two_text_size__hover_enabled=\u00a0\u00bboff\u00a0\u00bb button_two_text_size__hover=\u00a0\u00bbnull\u00a0\u00bb button_one_text_color__hover_enabled=\u00a0\u00bboff\u00a0\u00bb button_one_text_color__hover=\u00a0\u00bbnull\u00a0\u00bb button_two_text_color__hover_enabled=\u00a0\u00bboff\u00a0\u00bb button_two_text_color__hover=\u00a0\u00bbnull\u00a0\u00bb button_one_border_width__hover_enabled=\u00a0\u00bboff\u00a0\u00bb button_one_border_width__hover=\u00a0\u00bbnull\u00a0\u00bb button_two_border_width__hover_enabled=\u00a0\u00bboff\u00a0\u00bb button_two_border_width__hover=\u00a0\u00bbnull\u00a0\u00bb button_one_border_color__hover_enabled=\u00a0\u00bboff\u00a0\u00bb button_one_border_color__hover=\u00a0\u00bbnull\u00a0\u00bb button_two_border_color__hover_enabled=\u00a0\u00bboff\u00a0\u00bb button_two_border_color__hover=\u00a0\u00bbnull\u00a0\u00bb button_one_border_radius__hover_enabled=\u00a0\u00bboff\u00a0\u00bb button_one_border_radius__hover=\u00a0\u00bbnull\u00a0\u00bb button_two_border_radius__hover_enabled=\u00a0\u00bboff\u00a0\u00bb button_two_border_radius__hover=\u00a0\u00bbnull\u00a0\u00bb button_one_letter_spacing__hover_enabled=\u00a0\u00bboff\u00a0\u00bb button_one_letter_spacing__hover=\u00a0\u00bbnull\u00a0\u00bb button_two_letter_spacing__hover_enabled=\u00a0\u00bboff\u00a0\u00bb button_two_letter_spacing__hover=\u00a0\u00bbnull\u00a0\u00bb button_one_bg_color__hover_enabled=\u00a0\u00bboff\u00a0\u00bb button_one_bg_color__hover=\u00a0\u00bbnull\u00a0\u00bb button_two_bg_color__hover_enabled=\u00a0\u00bboff\u00a0\u00bb button_two_bg_color__hover=\u00a0\u00bbnull\u00a0\u00bb \/][\/et_pb_section]<\/p>\n","protected":false},"excerpt":{"rendered":"<p><div class=\"et_pb_row et_pb_row_0 et_pb_row_empty\">\n\t\t\t\t\n\t\t\t\t\n\t\t\t\t\n\t\t\t\t\n\t\t\t\t\n\t\t\t<\/div> 1970La route de SalinaMusique originale Christophe &amp; ClinicFilm jamais \u00e9dit\u00e9 en VHS ni en DVD &nbsp; 2006Quand j\u2019\u00e9tais chanteurMusique\u00a0 *Les paradis perdus* ChristopheRectangle Productions\/EuropacorpDVD Vid\u00e9o 3760062464116 2008Tirez sur le cavisteMusique originale Christophe &amp; Christophe VAN HUFFELFrance Television DistributionDVD Vid\u00e9o 3333297676915 2013Le quepa sur la vilniChristophe dans le r\u00f4le du maireARP S\u00e9lection\/SHELLAC SUDDVD Vid\u00e9o 3760189660682 [&hellip;]<\/p>\n","protected":false},"author":1,"featured_media":0,"parent":76,"menu_order":3,"comment_status":"closed","ping_status":"closed","template":"","meta":{"_et_pb_use_builder":"on","_et_pb_old_content":"","_et_gb_content_width":"","ngg_post_thumbnail":0,"footnotes":""},"_links":{"self":[{"href":"https:\/\/musiquefabien.fr\/wordpress\/wp-json\/wp\/v2\/pages\/4004"}],"collection":[{"href":"https:\/\/musiquefabien.fr\/wordpress\/wp-json\/wp\/v2\/pages"}],"about":[{"href":"https:\/\/musiquefabien.fr\/wordpress\/wp-json\/wp\/v2\/types\/page"}],"author":[{"embeddable":true,"href":"https:\/\/musiquefabien.fr\/wordpress\/wp-json\/wp\/v2\/users\/1"}],"replies":[{"embeddable":true,"href":"https:\/\/musiquefabien.fr\/wordpress\/wp-json\/wp\/v2\/comments?post=4004"}],"version-history":[{"count":3,"href":"https:\/\/musiquefabien.fr\/wordpress\/wp-json\/wp\/v2\/pages\/4004\/revisions"}],"predecessor-version":[{"id":4138,"href":"https:\/\/musiquefabien.fr\/wordpress\/wp-json\/wp\/v2\/pages\/4004\/revisions\/4138"}],"up":[{"embeddable":true,"href":"https:\/\/musiquefabien.fr\/wordpress\/wp-json\/wp\/v2\/pages\/76"}],"wp:attachment":[{"href":"https:\/\/musiquefabien.fr\/wordpress\/wp-json\/wp\/v2\/media?parent=4004"}],"curies":[{"name":"wp","href":"https:\/\/api.w.org\/{rel}","templated":true}]}}