{"id":64,"date":"2011-04-02T19:46:45","date_gmt":"2011-04-02T17:46:45","guid":{"rendered":"https:\/\/musiquefabien.fr\/wordpress\/?page_id=64"},"modified":"2017-08-12T15:40:20","modified_gmt":"2017-08-12T13:40:20","slug":"arabie-saoudite","status":"publish","type":"page","link":"https:\/\/musiquefabien.fr\/wordpress\/supports-etranger\/arabie-saoudite\/","title":{"rendered":"Arabie Saoudite"},"content":{"rendered":"<p>[et_pb_section bb_built=\u00a0\u00bb1&Prime; fullwidth=\u00a0\u00bbon\u00a0\u00bb specialty=\u00a0\u00bboff\u00a0\u00bb][et_pb_fullwidth_header admin_label=\u00a0\u00bbEn-t\u00eate plein \u00e9cran Arabie saoudite\u00a0\u00bb title=\u00a0\u00bbArabie Saoudite\u00a0\u00bb background_layout=\u00a0\u00bblight\u00a0\u00bb text_orientation=\u00a0\u00bbleft\u00a0\u00bb header_fullscreen=\u00a0\u00bboff\u00a0\u00bb header_scroll_down=\u00a0\u00bboff\u00a0\u00bb parallax=\u00a0\u00bboff\u00a0\u00bb parallax_method=\u00a0\u00bboff\u00a0\u00bb content_orientation=\u00a0\u00bbcenter\u00a0\u00bb image_orientation=\u00a0\u00bbcenter\u00a0\u00bb title_font_size=\u00a0\u00bb40px\u00a0\u00bb custom_button_one=\u00a0\u00bboff\u00a0\u00bb button_one_letter_spacing=\u00a0\u00bb0&Prime; button_one_use_icon=\u00a0\u00bbdefault\u00a0\u00bb button_one_icon_placement=\u00a0\u00bbright\u00a0\u00bb button_one_on_hover=\u00a0\u00bbon\u00a0\u00bb button_one_letter_spacing_hover=\u00a0\u00bb0&Prime; custom_button_two=\u00a0\u00bboff\u00a0\u00bb button_two_letter_spacing=\u00a0\u00bb0&Prime; button_two_use_icon=\u00a0\u00bbdefault\u00a0\u00bb button_two_icon_placement=\u00a0\u00bbright\u00a0\u00bb button_two_on_hover=\u00a0\u00bbon\u00a0\u00bb button_two_letter_spacing_hover=\u00a0\u00bb0&Prime; background_color=\u00a0\u00bbrgba(237,240,0,0.49)\u00a0\u00bb \/][\/et_pb_section][et_pb_section bb_built=\u00a0\u00bb1&Prime; admin_label=\u00a0\u00bbsection\u00a0\u00bb][et_pb_row background_position=\u00a0\u00bbtop_left\u00a0\u00bb background_repeat=\u00a0\u00bbrepeat\u00a0\u00bb background_size=\u00a0\u00bbinitial\u00a0\u00bb][et_pb_column type=\u00a0\u00bb1_3&Prime;][et_pb_text admin_label=\u00a0\u00bbTexte73&Prime; _builder_version=\u00a0\u00bb3.0.68&Prime; background_layout=\u00a0\u00bblight\u00a0\u00bb text_orientation=\u00a0\u00bbleft\u00a0\u00bb border_style=\u00a0\u00bbsolid\u00a0\u00bb]<\/p>\n<p><img loading=\"lazy\" decoding=\"async\" src=\"https:\/\/musiquefabien.fr\/wordpress\/wp-content\/uploads\/image\/images\/arabie\/paradis%20perdu%20747.jpg\" width=\"300\" height=\"470\" \/><\/p>\n<p>1973<br \/>\nAvec l\u2019expression de mes sentiments distingu\u00e9s \u2013 Emporte moi \u2013 Mama \u2013 Du pain et du laurier \u2013 Mickey \u2013 Les paradis perdus \u2013 Le temps de vivre \u2013 Ferber endormi<br \/>\n747 K7 1298<\/p>\n<p>[\/et_pb_text][et_pb_text admin_label=\u00a0\u00bbTexte78&Prime; background_layout=\u00a0\u00bblight\u00a0\u00bb text_orientation=\u00a0\u00bbleft\u00a0\u00bb use_border_color=\u00a0\u00bboff\u00a0\u00bb border_color=\u00a0\u00bb#ffffff\u00a0\u00bb border_style=\u00a0\u00bbsolid\u00a0\u00bb background_position=\u00a0\u00bbtop_left\u00a0\u00bb background_repeat=\u00a0\u00bbrepeat\u00a0\u00bb background_size=\u00a0\u00bbinitial\u00a0\u00bb]<\/p>\n<p><img decoding=\"async\" src=\"https:\/\/musiquefabien.fr\/wordpress\/wp-content\/uploads\/image\/images\/arabie\/le%20beau%20bizarre.jpg\" \/><\/p>\n<p>1978<br \/>\nUn peu menteur &#8211; Le h\u00e9ros d\u00e9chir\u00e9 &#8211; Histoire de vous plaire &#8211; Saute du scooter<br \/>\nLe beau bizarre &#8211; Le grand couteau &#8211; Ce mec lou &#8211; Il faut oser le faire &#8211; Ici repose.<br \/>\nFOOT PRINT\u00a0\u00a0 K7\u00a0\u00a0 S-1604F<\/p>\n<p>[\/et_pb_text][et_pb_text admin_label=\u00a0\u00bbTexte9.\u00a0\u00bb background_layout=\u00a0\u00bblight\u00a0\u00bb text_orientation=\u00a0\u00bbleft\u00a0\u00bb use_border_color=\u00a0\u00bboff\u00a0\u00bb border_color=\u00a0\u00bb#ffffff\u00a0\u00bb border_style=\u00a0\u00bbsolid\u00a0\u00bb background_position=\u00a0\u00bbtop_left\u00a0\u00bb background_repeat=\u00a0\u00bbrepeat\u00a0\u00bb background_size=\u00a0\u00bbinitial\u00a0\u00bb]<\/p>\n<p><img decoding=\"async\" src=\"https:\/\/musiquefabien.fr\/fabien\/medias\/etranger\/arabie_saoudite\/img001.jpg\" \/><\/p>\n<div>199.\u00a0?<\/div>\n<div>Aline \u2013 Je t\u2019ai retrouv\u00e9e \u2013 Excusez-moi monsieur le professeur \u2013 Je suis parti \u2013 La fille aux yeux bleus \u2013 J\u2019ai eu tort \u2013 Dr\u00f4le de vie \u2013 Du pain et du laurier \u2013 C\u2019est la question &#8211; Le temps de vivre \u2013 Je vous salue madame \u2013 Cette vie l\u00e0 \u2013 No\u00ebl \u2013 Je ne t\u2019aime plus\u00a0 Les marionnettes .<\/div>\n<div>\u00a0747 \u00a0K7 171<\/div>\n<p>[\/et_pb_text][\/et_pb_column][et_pb_column type=\u00a0\u00bb1_3&Prime;][et_pb_text admin_label=\u00a0\u00bbTexte74&Prime; background_layout=\u00a0\u00bblight\u00a0\u00bb text_orientation=\u00a0\u00bbleft\u00a0\u00bb use_border_color=\u00a0\u00bboff\u00a0\u00bb border_color=\u00a0\u00bb#ffffff\u00a0\u00bb border_style=\u00a0\u00bbsolid\u00a0\u00bb background_position=\u00a0\u00bbtop_left\u00a0\u00bb background_repeat=\u00a0\u00bbrepeat\u00a0\u00bb background_size=\u00a0\u00bbinitial\u00a0\u00bb]<\/p>\n<p><img decoding=\"async\" src=\"https:\/\/musiquefabien.fr\/fabien\/medias\/etranger\/arabie_saoudite\/img002.jpg\" \/><\/p>\n<div>1974<\/div>\n<div>Le dernier des Bevilacqua \u2013 Se\u00f1orita \u2013 C\u2019est la question<\/div>\n<div>Les mots bleus \u2013 La m\u00e9lodie \u2013 Le petit gars \u2013 Dr\u00f4le de vie \u2013 Souvenirs<\/div>\n<div>747 K7 1353<\/div>\n<p>[\/et_pb_text][et_pb_text admin_label=\u00a0\u00bbTexte78&Prime; background_layout=\u00a0\u00bblight\u00a0\u00bb text_orientation=\u00a0\u00bbleft\u00a0\u00bb use_border_color=\u00a0\u00bboff\u00a0\u00bb border_color=\u00a0\u00bb#ffffff\u00a0\u00bb border_style=\u00a0\u00bbsolid\u00a0\u00bb background_position=\u00a0\u00bbtop_left\u00a0\u00bb background_repeat=\u00a0\u00bbrepeat\u00a0\u00bb background_size=\u00a0\u00bbinitial\u00a0\u00bb]<\/p>\n<p><img decoding=\"async\" src=\"https:\/\/musiquefabien.fr\/fabien\/medias\/etranger\/arabie_saoudite\/bo_bizar_K7_arabie_saoudite7.jpg\" \/><\/p>\n<p>1978<br \/>\nUn peu menteur \u2013 Le h\u00e9ros d\u00e9chir\u00e9 \u2013 Saute du scooter \u2013 Histoire de vous plaire \u2013<br \/>\nLe grand couteau \u2013 Ici repose \u2013 Le beau bizarre \u2013 Il faut oser le faire \u2013 Ce mec lou<br \/>\n747 K7 1297<\/p>\n<p>[\/et_pb_text][\/et_pb_column][et_pb_column type=\u00a0\u00bb1_3&Prime;][et_pb_text admin_label=\u00a0\u00bbTexte76&Prime; background_layout=\u00a0\u00bblight\u00a0\u00bb text_orientation=\u00a0\u00bbleft\u00a0\u00bb use_border_color=\u00a0\u00bboff\u00a0\u00bb border_color=\u00a0\u00bb#ffffff\u00a0\u00bb border_style=\u00a0\u00bbsolid\u00a0\u00bb background_position=\u00a0\u00bbtop_left\u00a0\u00bb background_repeat=\u00a0\u00bbrepeat\u00a0\u00bb background_size=\u00a0\u00bbinitial\u00a0\u00bb]<\/p>\n<p><img loading=\"lazy\" decoding=\"async\" class=\"\" src=\"https:\/\/musiquefabien.fr\/fabien\/medias\/etranger\/arabie_saoudite\/img004.jpg\" width=\"315\" height=\"481\" \/><\/p>\n<div>1976<\/div>\n<div>Le dernier des Bevilacqua \u2013 Emporte moi \u2013 Introduction \u2013 Le petit gars \u2013 Se\u00f1orita \u2013 Dr\u00f4le de vie \u2013 La petite fille du 3i\u00e8me<\/div>\n<div>747 K7 1352<\/div>\n<p>[\/et_pb_text][et_pb_text admin_label=\u00a0\u00bbTexte90&Prime; background_layout=\u00a0\u00bblight\u00a0\u00bb text_orientation=\u00a0\u00bbleft\u00a0\u00bb use_border_color=\u00a0\u00bboff\u00a0\u00bb border_color=\u00a0\u00bb#ffffff\u00a0\u00bb border_style=\u00a0\u00bbsolid\u00a0\u00bb background_position=\u00a0\u00bbtop_left\u00a0\u00bb background_repeat=\u00a0\u00bbrepeat\u00a0\u00bb background_size=\u00a0\u00bbinitial\u00a0\u00bb]<\/p>\n<p><img decoding=\"async\" src=\"https:\/\/musiquefabien.fr\/fabien\/medias\/etranger\/arabie_saoudite\/IMG_0862.jpg\" \/><\/p>\n<p>1990<br \/>\nThe girl from Salina- Main dans la main \u2013 La petite fille du 3\u00e8me \u2013 M\u00e8re tu es la seule \u2013 Fait chaud ce soir \u2013 Mes passag\u00e8res \u2013 Oh mon amour \u2013 Mal \u2013 Good bye , je reviendrai \u2013 Nue comme la mer \u2013 Epouvantail.<br \/>\n747\u00a0 K7\u00a0 1021<\/p>\n<p>[\/et_pb_text][\/et_pb_column][\/et_pb_row][\/et_pb_section][et_pb_section bb_built=\u00a0\u00bb1&Prime; fullwidth=\u00a0\u00bbon\u00a0\u00bb specialty=\u00a0\u00bboff\u00a0\u00bb][et_pb_fullwidth_header admin_label=\u00a0\u00bbEn-t\u00eate plein \u00e9cran Arabie saoudite\u00a0\u00bb title=\u00a0\u00bbArabie Saoudite\u00a0\u00bb background_layout=\u00a0\u00bblight\u00a0\u00bb text_orientation=\u00a0\u00bbleft\u00a0\u00bb header_fullscreen=\u00a0\u00bboff\u00a0\u00bb header_scroll_down=\u00a0\u00bboff\u00a0\u00bb parallax=\u00a0\u00bboff\u00a0\u00bb parallax_method=\u00a0\u00bboff\u00a0\u00bb content_orientation=\u00a0\u00bbcenter\u00a0\u00bb image_orientation=\u00a0\u00bbcenter\u00a0\u00bb title_font_size=\u00a0\u00bb40px\u00a0\u00bb custom_button_one=\u00a0\u00bboff\u00a0\u00bb button_one_letter_spacing=\u00a0\u00bb0&Prime; button_one_use_icon=\u00a0\u00bbdefault\u00a0\u00bb button_one_icon_placement=\u00a0\u00bbright\u00a0\u00bb button_one_on_hover=\u00a0\u00bbon\u00a0\u00bb button_one_letter_spacing_hover=\u00a0\u00bb0&Prime; custom_button_two=\u00a0\u00bboff\u00a0\u00bb button_two_letter_spacing=\u00a0\u00bb0&Prime; button_two_use_icon=\u00a0\u00bbdefault\u00a0\u00bb button_two_icon_placement=\u00a0\u00bbright\u00a0\u00bb button_two_on_hover=\u00a0\u00bbon\u00a0\u00bb button_two_letter_spacing_hover=\u00a0\u00bb0&Prime; background_color=\u00a0\u00bbrgba(237,240,0,0.49)\u00a0\u00bb \/][\/et_pb_section]<\/p>\n","protected":false},"excerpt":{"rendered":"<p>1973 Avec l\u2019expression de mes sentiments distingu\u00e9s \u2013 Emporte moi \u2013 Mama \u2013 Du pain et du laurier \u2013 Mickey \u2013 Les paradis perdus \u2013 Le temps de vivre \u2013 Ferber endormi 747 K7 1298 1978 Un peu menteur &#8211; Le h\u00e9ros d\u00e9chir\u00e9 &#8211; Histoire de vous plaire &#8211; Saute du scooter Le beau bizarre [&hellip;]<\/p>\n","protected":false},"author":1,"featured_media":0,"parent":20,"menu_order":2,"comment_status":"closed","ping_status":"closed","template":"","meta":{"_et_pb_use_builder":"on","_et_pb_old_content":"<table style=\"width: 100%;\" border=\"0\" cellspacing=\"1\" cellpadding=\"1\"><tbody><tr><td style=\"width: 49%;\"><div style=\"text-align: center;\"><span style=\"font-size: x-small;\"><span style=\"font-family: Arial;\"><img src=\"https:\/\/musiquefabien.fr\/fabien\/medias\/etranger\/arabie_saoudite\/img001.jpg\" alt=\"\" width=\"250\" height=\"384\" border=\"0\" \/><\/span><\/span><\/div><\/td><td style=\"width: 10%;\">\u00a0<\/td><td style=\"width: 38%;\"><div style=\"text-align: center;\"><span style=\"font-size: x-small;\"><span style=\"font-family: Arial;\"><img src=\"https:\/\/musiquefabien.fr\/fabien\/medias\/etranger\/arabie_saoudite\/img002.jpg\" alt=\"\" width=\"250\" height=\"364\" border=\"0\" \/><\/span><\/span><\/div><\/td><\/tr><tr><td style=\"width: 49%;\"><div style=\"text-align: center;\"><span style=\"font-size: 10px;\">199.\u00a0?<\/span><\/div><div style=\"text-align: center;\"><span style=\"font-size: 10px;\">Aline \u2013 Je t\u2019ai retrouv\u00e9e - Excusez-moi monsieur le professeur \u2013 Je suis parti \u2013 La fille aux yeux bleus \u2013 J\u2019ai eu tort \u2013 Dr\u00f4le de vie \u2013 Du pain et du laurier \u2013 C\u2019est la question <\/span><\/div><div style=\"text-align: center;\"><span style=\"font-size: 10px;\">Le temps de vivre \u2013 Je vous salue madame \u2013 Cette vie l\u00e0 \u2013 No\u00ebl \u2013 Je ne t\u2019aime plus\u00a0 Les marionnettes .\u00a0 747 \u00a0K7 171 <\/span><\/div><\/td><td style=\"width: 10%;\">\u00a0<\/td><td style=\"width: 38%;\"><div style=\"text-align: center;\"><span style=\"font-size: 10px;\">1974<\/span><\/div><div style=\"text-align: center;\"><span style=\"font-size: 10px;\">Le dernier des Bevilacqua \u2013 Se\u00f1orita \u2013 C\u2019est la question <\/span><\/div><div style=\"text-align: center;\"><span style=\"font-size: 10px;\">Les mots bleus \u2013 La m\u00e9lodie - Le petit gars \u2013 Dr\u00f4le de vie - Souvenirs<\/span><\/div><div style=\"text-align: center;\"><span style=\"font-size: 10px;\">747 K7 1353<\/span><\/div><\/td><\/tr><tr><td style=\"text-align: center; width: 49%;\"><img src=\"https:\/\/musiquefabien.fr\/fabien\/medias\/etranger\/arabie_saoudite\/img004.jpg\" alt=\"\" \/><\/td><td style=\"width: 10%;\">\u00a0<\/td><td style=\"text-align: center; width: 38%;\"><p><span style=\"font-size: x-small;\"><img src=\"https:\/\/musiquefabien.fr\/fabien\/medias\/etranger\/arabie_saoudite\/IMG_0862.jpg\" alt=\"\" width=\"300\" height=\"449\" \/><\/span><\/p><\/td><\/tr><tr><td style=\"text-align: center; width: 49%;\"><div style=\"text-align: center;\"><span style=\"font-size: 10px;\">1976<\/span><\/div><div style=\"text-align: center;\"><span style=\"font-size: 10px;\">Le dernier des Bevilacqua - Emporte moi - Introduction - Le petit gars - Se\u00f1orita - Dr\u00f4le de vie - La petite fille du 3i\u00e8me<\/span><\/div><p><span style=\"font-size: 10px;\">747 K7 1352<\/span><\/p><\/td><td style=\"width: 10%;\">\u00a0<\/td><td style=\"text-align: center; width: 38%;\"><span style=\"font-size: 10px;\">1990<br \/> The girl from Salina- Main dans la main \u2013 La petite fille du 3\u00e8me \u2013 M\u00e8re tu es la seule \u2013 Fait chaud ce soir \u2013 Mes passag\u00e8res \u2013 Oh mon amour \u2013 Mal \u2013 Good bye , je reviendrai \u2013 Nue comme la mer \u2013 Epouvantail.<br \/> 747\u00a0 K7\u00a0 1021<\/span><\/td><\/tr><tr><td style=\"text-align: center; width: 49%;\"><img src=\"https:\/\/musiquefabien.fr\/fabien\/medias\/etranger\/arabie_saoudite\/bo_bizar_K7_arabie_saoudite7.jpg\" alt=\"\" width=\"300\" height=\"468\" \/><\/td><td style=\"width: 10%;\">\u00a0<\/td><td style=\"text-align: center; width: 38%;\"><img style=\"width: 299px; height: 470px;\" src=\"https:\/\/musiquefabien.fr\/wordpress\/wp-content\/uploads\/image\/images\/arabie\/le%20beau%20bizarre.jpg\" alt=\"\" \/><\/td><\/tr><tr><td style=\"text-align: center; width: 49%;\"><div><span style=\"font-size: 10px;\">1978<br \/> Un peu menteur \u2013 Le h\u00e9ros d\u00e9chir\u00e9 \u2013 Saute du scooter - Histoire de vous plaire \u2013<br \/> Le grand couteau \u2013 Ici repose \u2013 Le beau bizarre \u2013 Il faut oser le faire \u2013 Ce mec lou<br \/> 747 K7 1297<\/span><\/div><\/td><td style=\"width: 10%;\">\u00a0<\/td><td style=\"text-align: center; width: 38%;\"><span style=\"font-size: 10px;\">1978<br \/> Un peu menteur-Le h\u00e9ros d\u00e9chir\u00e9-Histoire de vous plaire-Saute du scooter<br \/> Le beau bizarre-Le grand couteau- Ce mec lou- Il faut oser le faire- Ici repose.<br \/> FOOT PRINT\u00a0\u00a0 K7\u00a0\u00a0 S-1604F<\/span><\/td><\/tr><\/tbody><\/table><p>\u00a0<\/p><p>\u00a0<\/p><p>\u00a0<\/p><p>\u00a0<\/p>","_et_gb_content_width":"","ngg_post_thumbnail":0,"footnotes":""},"_links":{"self":[{"href":"https:\/\/musiquefabien.fr\/wordpress\/wp-json\/wp\/v2\/pages\/64"}],"collection":[{"href":"https:\/\/musiquefabien.fr\/wordpress\/wp-json\/wp\/v2\/pages"}],"about":[{"href":"https:\/\/musiquefabien.fr\/wordpress\/wp-json\/wp\/v2\/types\/page"}],"author":[{"embeddable":true,"href":"https:\/\/musiquefabien.fr\/wordpress\/wp-json\/wp\/v2\/users\/1"}],"replies":[{"embeddable":true,"href":"https:\/\/musiquefabien.fr\/wordpress\/wp-json\/wp\/v2\/comments?post=64"}],"version-history":[{"count":3,"href":"https:\/\/musiquefabien.fr\/wordpress\/wp-json\/wp\/v2\/pages\/64\/revisions"}],"predecessor-version":[{"id":3704,"href":"https:\/\/musiquefabien.fr\/wordpress\/wp-json\/wp\/v2\/pages\/64\/revisions\/3704"}],"up":[{"embeddable":true,"href":"https:\/\/musiquefabien.fr\/wordpress\/wp-json\/wp\/v2\/pages\/20"}],"wp:attachment":[{"href":"https:\/\/musiquefabien.fr\/wordpress\/wp-json\/wp\/v2\/media?parent=64"}],"curies":[{"name":"wp","href":"https:\/\/api.w.org\/{rel}","templated":true}]}}